{"id":111,"date":"2017-04-14T12:04:37","date_gmt":"2017-04-14T12:04:37","guid":{"rendered":"http:\/\/blog.haefeker.de\/?page_id=15"},"modified":"2017-04-14T17:05:11","modified_gmt":"2017-04-14T17:05:11","slug":"open-source-abeilles","status":"publish","type":"page","link":"http:\/\/opensourcebees.org\/?page_id=111&lang=fr","title":{"rendered":"Qui sommes-nous"},"content":{"rendered":"<p>L\u2019in<em>itiative Open Sou<\/em>rce abeilles par Apimondia vise \u00e0 maintenir les abeilles comme un bien commun dans les mains du monde apicole communautaire large.<\/p>\n<p>Notre objectif est de maintenir la diversit\u00e9 g\u00e9n\u00e9tique dans les mains des apiculteurs.<\/p>\n","protected":false},"excerpt":{"rendered":"<p>L\u2019initiative Open Source abeilles par Apimondia vise \u00e0 maintenir les abeilles comme un bien commun dans les mains du monde apicole communautaire large. Notre objectif est de maintenir la diversit\u00e9 g\u00e9n\u00e9tique dans les mains des apiculteurs.<\/p>\n","protected":false},"author":1,"featured_media":0,"parent":0,"menu_order":0,"comment_status":"closed","ping_status":"closed","template":"templates\/front-page.php","meta":{"footnotes":""},"class_list":["post-111","page","type-page","status-publish","hentry"],"_links":{"self":[{"href":"http:\/\/opensourcebees.org\/index.php?rest_route=\/wp\/v2\/pages\/111","targetHints":{"allow":["GET"]}}],"collection":[{"href":"http:\/\/opensourcebees.org\/index.php?rest_route=\/wp\/v2\/pages"}],"about":[{"href":"http:\/\/opensourcebees.org\/index.php?rest_route=\/wp\/v2\/types\/page"}],"author":[{"embeddable":true,"href":"http:\/\/opensourcebees.org\/index.php?rest_route=\/wp\/v2\/users\/1"}],"replies":[{"embeddable":true,"href":"http:\/\/opensourcebees.org\/index.php?rest_route=%2Fwp%2Fv2%2Fcomments&post=111"}],"version-history":[{"count":1,"href":"http:\/\/opensourcebees.org\/index.php?rest_route=\/wp\/v2\/pages\/111\/revisions"}],"predecessor-version":[{"id":115,"href":"http:\/\/opensourcebees.org\/index.php?rest_route=\/wp\/v2\/pages\/111\/revisions\/115"}],"wp:attachment":[{"href":"http:\/\/opensourcebees.org\/index.php?rest_route=%2Fwp%2Fv2%2Fmedia&parent=111"}],"curies":[{"name":"wp","href":"https:\/\/api.w.org\/{rel}","templated":true}]}}