{"id":112,"date":"2017-04-14T12:04:37","date_gmt":"2017-04-14T12:04:37","guid":{"rendered":"http:\/\/blog.haefeker.de\/?page_id=15"},"modified":"2017-05-05T08:50:41","modified_gmt":"2017-05-05T08:50:41","slug":"open-source-bienen","status":"publish","type":"page","link":"http:\/\/opensourcebees.org\/?page_id=112&lang=de","title":{"rendered":"\u00dcber uns"},"content":{"rendered":"<p>Die<span class=\"apple-converted-space\">\u00a0<\/span><span class=\"\">Initiative Open-Source-Bienen<\/span> von dem Weltimkerverband Apimondia setzt sich daf\u00fcr ein, dass die Honigbiene ein Gemeingut und sie selbst sowie die Z\u00fcchtung in den H\u00e4nden der weltweiten Imker-Gemeinschaft bleibt.<\/p>\n","protected":false},"excerpt":{"rendered":"<p>Die\u00a0Initiative Open-Source-Bienen von dem Weltimkerverband Apimondia setzt sich daf\u00fcr ein, dass die Honigbiene ein Gemeingut und sie selbst sowie die Z\u00fcchtung in den H\u00e4nden der weltweiten Imker-Gemeinschaft bleibt.<\/p>\n","protected":false},"author":1,"featured_media":0,"parent":0,"menu_order":0,"comment_status":"closed","ping_status":"closed","template":"templates\/front-page.php","meta":{"footnotes":""},"class_list":["post-112","page","type-page","status-publish","hentry"],"_links":{"self":[{"href":"http:\/\/opensourcebees.org\/index.php?rest_route=\/wp\/v2\/pages\/112","targetHints":{"allow":["GET"]}}],"collection":[{"href":"http:\/\/opensourcebees.org\/index.php?rest_route=\/wp\/v2\/pages"}],"about":[{"href":"http:\/\/opensourcebees.org\/index.php?rest_route=\/wp\/v2\/types\/page"}],"author":[{"embeddable":true,"href":"http:\/\/opensourcebees.org\/index.php?rest_route=\/wp\/v2\/users\/1"}],"replies":[{"embeddable":true,"href":"http:\/\/opensourcebees.org\/index.php?rest_route=%2Fwp%2Fv2%2Fcomments&post=112"}],"version-history":[{"count":2,"href":"http:\/\/opensourcebees.org\/index.php?rest_route=\/wp\/v2\/pages\/112\/revisions"}],"predecessor-version":[{"id":175,"href":"http:\/\/opensourcebees.org\/index.php?rest_route=\/wp\/v2\/pages\/112\/revisions\/175"}],"wp:attachment":[{"href":"http:\/\/opensourcebees.org\/index.php?rest_route=%2Fwp%2Fv2%2Fmedia&parent=112"}],"curies":[{"name":"wp","href":"https:\/\/api.w.org\/{rel}","templated":true}]}}