{"id":117,"date":"2017-04-14T14:51:42","date_gmt":"2017-04-14T14:51:42","guid":{"rendered":"http:\/\/opensourcebees.org\/?page_id=63"},"modified":"2017-04-14T14:51:42","modified_gmt":"2017-04-14T14:51:42","slug":"programmes-damelioration-genetique","status":"publish","type":"page","link":"http:\/\/opensourcebees.org\/?page_id=117&lang=fr","title":{"rendered":"Programmes d\u2019am\u00e9lioration g\u00e9n\u00e9tique"},"content":{"rendered":"<p><strong>Carnica<\/strong><\/p>\n<p><a href=\"http:\/\/carnica.bayern\/lizenz\/\" target=\"_blank\">Association des \u00e9leveurs Carnica bavarois<\/a><\/p>\n<p><strong>Buckfast<\/strong><\/p>\n<p><a href=\"https:\/\/gdeb.eu\" target=\"_blank\">Association des \u00e9leveurs Buckfast europ\u00e9en <\/a><\/p>\n","protected":false},"excerpt":{"rendered":"<p>Carnica Association des \u00e9leveurs Carnica bavarois Buckfast Association des \u00e9leveurs Buckfast europ\u00e9en<\/p>\n","protected":false},"author":1,"featured_media":0,"parent":0,"menu_order":0,"comment_status":"closed","ping_status":"closed","template":"","meta":{"footnotes":""},"class_list":["post-117","page","type-page","status-publish","hentry"],"_links":{"self":[{"href":"http:\/\/opensourcebees.org\/index.php?rest_route=\/wp\/v2\/pages\/117","targetHints":{"allow":["GET"]}}],"collection":[{"href":"http:\/\/opensourcebees.org\/index.php?rest_route=\/wp\/v2\/pages"}],"about":[{"href":"http:\/\/opensourcebees.org\/index.php?rest_route=\/wp\/v2\/types\/page"}],"author":[{"embeddable":true,"href":"http:\/\/opensourcebees.org\/index.php?rest_route=\/wp\/v2\/users\/1"}],"replies":[{"embeddable":true,"href":"http:\/\/opensourcebees.org\/index.php?rest_route=%2Fwp%2Fv2%2Fcomments&post=117"}],"version-history":[{"count":0,"href":"http:\/\/opensourcebees.org\/index.php?rest_route=\/wp\/v2\/pages\/117\/revisions"}],"wp:attachment":[{"href":"http:\/\/opensourcebees.org\/index.php?rest_route=%2Fwp%2Fv2%2Fmedia&parent=117"}],"curies":[{"name":"wp","href":"https:\/\/api.w.org\/{rel}","templated":true}]}}