{"id":138,"date":"2017-04-14T12:32:25","date_gmt":"2017-04-14T12:32:25","guid":{"rendered":"http:\/\/opensourcebees.org\/?page_id=27"},"modified":"2017-04-14T12:32:25","modified_gmt":"2017-04-14T12:32:25","slug":"licence-open-source","status":"publish","type":"page","link":"http:\/\/opensourcebees.org\/?page_id=138&lang=fr","title":{"rendered":"Licence Open Source"},"content":{"rendered":"<h1>Licence Open Source<\/h1>\n<p>L\u2019Op<em>en Source License vis<\/em>e \u00e0 maintenir les abeilles comme un bien commun dans les mains de la communaut\u00e9 de l\u2019apiculture. Il prot\u00e8ge les activit\u00e9s traditionnelles de reproduction avec une licence open source. C\u2019est le moyen le plus efficace de prot\u00e9ger juridiquement nos abeilles de brevets et de la privatisation.<\/p>\n<p>Notre objectif est de maintenir la diversit\u00e9 g\u00e9n\u00e9tique dans les mains des apiculteurs.<\/p>\n<p>Abeilles sous licence Open source sont disponibles pour tous les go\u00fbts. On peut multiplier les abeilles, les vendre, passez-les, se reproduisent avec eux et les am\u00e9liorer sans aucune restriction. La licence accorde aux nouveaux utilisateurs les m\u00eames droits que le propri\u00e9taire pr\u00e9c\u00e9dent appr\u00e9ci\u00e9.<\/p>\n<p>Voici le texte de la licence actuelle\u00a0:<\/p>\n<p><a href=\"http:\/\/opensourcebees.org\/wp-content\/uploads\/2017\/04\/OSB-License-APIMONDIA-V3-EN.pdf\">OSB licence APIMONDIA V3 fr<\/a><\/p>\n<p><a href=\"http:\/\/opensourcebees.org\/wp-content\/uploads\/2017\/04\/OSB-License-APIMONDIA-V3-FR.pdf\">OSB licence APIMONDIA V3 FR<\/a><\/p>\n<p><a href=\"http:\/\/opensourcebees.org\/wp-content\/uploads\/2017\/04\/OSZ-Lizenz-APIMONDIA-DE-V3.pdf\">OSZ Lizenz APIMONDIA DE V3<\/a><\/p>\n","protected":false},"excerpt":{"rendered":"<p>Licence Open Source L\u2019Open Source License vise \u00e0 maintenir les abeilles comme un bien commun dans les mains de la communaut\u00e9 de l\u2019apiculture. Il prot\u00e8ge les activit\u00e9s traditionnelles de reproduction avec une licence open source. C\u2019est le moyen le plus efficace de prot\u00e9ger juridiquement nos abeilles de brevets et de la privatisation. Notre objectif est&hellip; <a href=\"http:\/\/opensourcebees.org\/?page_id=138&#038;lang=fr\" class=\"more-link\">Read more <span class=\"screen-reader-text\">Licence Open Source<\/span> <svg class=\"icon icon-next\" aria-hidden=\"true\" role=\"img\"><use xlink:href=\"#icon-next\"><\/use><\/svg><\/a><\/p>\n","protected":false},"author":1,"featured_media":0,"parent":0,"menu_order":0,"comment_status":"closed","ping_status":"closed","template":"","meta":{"footnotes":""},"class_list":["post-138","page","type-page","status-publish","hentry"],"_links":{"self":[{"href":"http:\/\/opensourcebees.org\/index.php?rest_route=\/wp\/v2\/pages\/138","targetHints":{"allow":["GET"]}}],"collection":[{"href":"http:\/\/opensourcebees.org\/index.php?rest_route=\/wp\/v2\/pages"}],"about":[{"href":"http:\/\/opensourcebees.org\/index.php?rest_route=\/wp\/v2\/types\/page"}],"author":[{"embeddable":true,"href":"http:\/\/opensourcebees.org\/index.php?rest_route=\/wp\/v2\/users\/1"}],"replies":[{"embeddable":true,"href":"http:\/\/opensourcebees.org\/index.php?rest_route=%2Fwp%2Fv2%2Fcomments&post=138"}],"version-history":[{"count":0,"href":"http:\/\/opensourcebees.org\/index.php?rest_route=\/wp\/v2\/pages\/138\/revisions"}],"wp:attachment":[{"href":"http:\/\/opensourcebees.org\/index.php?rest_route=%2Fwp%2Fv2%2Fmedia&parent=138"}],"curies":[{"name":"wp","href":"https:\/\/api.w.org\/{rel}","templated":true}]}}