{"id":142,"date":"2017-04-14T12:32:25","date_gmt":"2017-04-14T12:32:25","guid":{"rendered":"http:\/\/opensourcebees.org\/?page_id=27"},"modified":"2017-04-14T12:32:25","modified_gmt":"2017-04-14T12:32:25","slug":"open-source-lizenz","status":"publish","type":"page","link":"http:\/\/opensourcebees.org\/?page_id=142&lang=de","title":{"rendered":"Open-Source-Lizenz"},"content":{"rendered":"<h1>Open-Source-Lizenz<\/h1>\n<p>Die <em>Open-Source-Lizenz <\/em>soll Honigbienen als gemeinsames gut in den H\u00e4nden der Imkerei Gemeinschaft gewahrt werden. Es sch\u00fctzt die klassische Z\u00fcchtung Aktivit\u00e4ten mit einer Open-Source-Lizenz. Dies ist der effizienteste Weg, unsere Bienen vor Patentierung und Privatisierung rechtlich zu sch\u00fctzen.<\/p>\n<p>Unser Ziel ist es, die genetische Vielfalt in den H\u00e4nden der Imker pflegen.<\/p>\n<p>Open Source lizenzierte Bienen sind f\u00fcr jedermann verf\u00fcgbar. Sie k\u00f6nnen die Bienen vermehren, verkaufen, weitergeben, mit ihnen zu z\u00fcchten anzuw\u00e4hlen und ohne Einschr\u00e4nkungen. Die Lizenz gew\u00e4hrt neue Benutzer die gleichen Rechte, die der Vorbesitzer genossen.<\/p>\n<p>Unten ist der eigentlichen Lizenz-Text:<\/p>\n<p><a href=\"http:\/\/opensourcebees.org\/wp-content\/uploads\/2017\/04\/OSB-License-APIMONDIA-V3-EN.pdf\">OSB-Lizenz APIMONDIA V3 EN<\/a><\/p>\n<p><a href=\"http:\/\/opensourcebees.org\/wp-content\/uploads\/2017\/04\/OSB-License-APIMONDIA-V3-FR.pdf\">OSB-Lizenz APIMONDIA V3 FR<\/a><\/p>\n<p><a href=\"http:\/\/opensourcebees.org\/wp-content\/uploads\/2017\/04\/OSZ-Lizenz-APIMONDIA-DE-V3.pdf\">OSZ Lizenzgebern APIMONDIA DE V3<\/a><\/p>\n","protected":false},"excerpt":{"rendered":"<p>Open-Source-Lizenz Die Open-Source-Lizenz soll Honigbienen als gemeinsames gut in den H\u00e4nden der Imkerei Gemeinschaft gewahrt werden. Es sch\u00fctzt die klassische Z\u00fcchtung Aktivit\u00e4ten mit einer Open-Source-Lizenz. Dies ist der effizienteste Weg, unsere Bienen vor Patentierung und Privatisierung rechtlich zu sch\u00fctzen. Unser Ziel ist es, die genetische Vielfalt in den H\u00e4nden der Imker pflegen. Open Source lizenzierte&hellip; <a href=\"http:\/\/opensourcebees.org\/?page_id=142&#038;lang=de\" class=\"more-link\">Read more <span class=\"screen-reader-text\">Open-Source-Lizenz<\/span> <svg class=\"icon icon-next\" aria-hidden=\"true\" role=\"img\"><use xlink:href=\"#icon-next\"><\/use><\/svg><\/a><\/p>\n","protected":false},"author":1,"featured_media":0,"parent":0,"menu_order":0,"comment_status":"closed","ping_status":"closed","template":"","meta":{"footnotes":""},"class_list":["post-142","page","type-page","status-publish","hentry"],"_links":{"self":[{"href":"http:\/\/opensourcebees.org\/index.php?rest_route=\/wp\/v2\/pages\/142","targetHints":{"allow":["GET"]}}],"collection":[{"href":"http:\/\/opensourcebees.org\/index.php?rest_route=\/wp\/v2\/pages"}],"about":[{"href":"http:\/\/opensourcebees.org\/index.php?rest_route=\/wp\/v2\/types\/page"}],"author":[{"embeddable":true,"href":"http:\/\/opensourcebees.org\/index.php?rest_route=\/wp\/v2\/users\/1"}],"replies":[{"embeddable":true,"href":"http:\/\/opensourcebees.org\/index.php?rest_route=%2Fwp%2Fv2%2Fcomments&post=142"}],"version-history":[{"count":0,"href":"http:\/\/opensourcebees.org\/index.php?rest_route=\/wp\/v2\/pages\/142\/revisions"}],"wp:attachment":[{"href":"http:\/\/opensourcebees.org\/index.php?rest_route=%2Fwp%2Fv2%2Fmedia&parent=142"}],"curies":[{"name":"wp","href":"https:\/\/api.w.org\/{rel}","templated":true}]}}